{"id":526,"date":"2023-12-12T14:55:15","date_gmt":"2023-12-12T14:55:15","guid":{"rendered":"http:\/\/dira.jecool.net\/?page_id=526"},"modified":"2023-12-12T14:55:16","modified_gmt":"2023-12-12T14:55:16","slug":"hospodarstvi-odpadni-vody","status":"publish","type":"page","link":"https:\/\/pitpraha.cz\/?page_id=526&lang=cs","title":{"rendered":"hospod\u00e1\u0159stv\u00ed odpadn\u00ed vody"},"content":{"rendered":"\n<div id=\"wp-block-themeisle-blocks-advanced-columns-39ba9f58\" class=\"wp-block-themeisle-blocks-advanced-columns alignfull has-1-columns has-desktop-equal-layout has-tablet-equal-layout has-mobile-collapsedRows-layout has-vertical-center has-light-bg\"><div class=\"wp-block-themeisle-blocks-advanced-columns-overlay\"><\/div><div class=\"innerblocks-wrap\">\n<div id=\"wp-block-themeisle-blocks-advanced-column-e3f97a34\" class=\"wp-block-themeisle-blocks-advanced-column\">\n<p>Nedostatek vody n\u00e1s motivoval k opakovan\u00e9mu vyu\u017e\u00edv\u00e1n\u00ed vody tam, kde je to mo\u017en\u00e9. V na\u0161em institutu generujeme dva typy odpadn\u00edch vod: \u0161edou vodu, poch\u00e1zej\u00edc\u00ed z kuchy\u0148sk\u00e9ho d\u0159ezu a koupelny (umyvadlo a sprcha), a \u010dernou vodu, kter\u00e1 zahrnuje odpadn\u00ed vody z toalety. Od po\u010d\u00e1tku na\u0161eho projektu byl n\u00e1\u0161 c\u00edl recyklovat \u0161edou vodu pro zavla\u017eov\u00e1n\u00ed \u00fastavn\u00ed zahrady. Z tohoto d\u016fvodu odd\u011blujeme odpadn\u00ed \u0161edou a \u010dernou vodu.<\/p>\n\n\n\n<p>Za\u010dn\u011bme t\u00edm, \u017ee pop\u00ed\u0161eme n\u00e1\u0161 p\u0159\u00edstup k \u010di\u0161t\u011bn\u00ed \u010dern\u00e9 vody. V na\u0161em \u00fasil\u00ed o efektivitu a ekologickou udr\u017eitelnost jsme p\u0159ijali koncept kompostovac\u00edch toalet. Nejjednodu\u0161\u0161\u00ed uspo\u0159\u00e1d\u00e1n\u00ed kompostovac\u00ed toalety zahrnuje kbel\u00edk napln\u011bn\u00fd pilinami nebo jin\u00fdm materi\u00e1lem bohat\u00fdm na uhl\u00edk, schopn\u00fdm absorbovat vlhkost. Konven\u010dn\u00ed kompostovac\u00ed toalety odd\u011bluj\u00ed kapaliny, proto\u017ee nejsou vhodn\u00e9 pro kompostovac\u00ed proces. Nicm\u00e9n\u011b, abychom udr\u017eeli \u00farove\u0148 komfortu o\u010dek\u00e1vanou v na\u0161em institutu, museli jsme pou\u017e\u00edt standardn\u00ed keramickou splachovac\u00ed toaletu. \u0158e\u0161en\u00edm je vermikompostovac\u00ed toaleta, kter\u00e1 kombinuje v\u00fdhody kompostov\u00e1n\u00ed s pohodl\u00edm standardn\u00ed splachovac\u00ed toalety.<\/p>\n\n\n\n<p>Pro ty, kte\u0159\u00ed se zaj\u00edmaj\u00ed o podrobn\u00fd popis syst\u00e9mu vermikompostovac\u00edch toalet, odkazujeme na materi\u00e1ly dostupn\u00e9 na webu (<a href=\"https:\/\/www.earthwormsoc.org.uk\/VermicompostingToilets\">https:\/\/www.earthwormsoc.org.uk\/VermicompostingToilets<\/a>). V dal\u0161\u00edm odstavci poskytneme stru\u010dn\u00e9 shrnut\u00ed na\u0161\u00ed adaptace tohoto syst\u00e9mu.<\/p>\n\n\n\n<p>Podzemn\u00ed vermikompost jsme postavili z upraven\u00e9ho IBC kontejneru o objemu 1000 litr\u016f. Do n\u00e1dr\u017ee jsme vlo\u017eili trubku o pr\u016fm\u011bru 10 cm s otvory po cel\u00e9 d\u00e9lce, aby se zabr\u00e1nilo zaplavan\u00ed n\u00e1doby a zajistilo pohodl\u00ed osadn\u00edku (\u017e\u00ed\u017eal). Pro udr\u017een\u00ed vhodn\u00e9ho prost\u0159ed\u00ed pro \u017eivot \u017e\u00ed\u017eal je d\u016fle\u017eit\u00e9 dopl\u0148ovat vermikompost krom produkt\u016f z toalety i dal\u0161\u00edmi organick\u00fdmi odpady. Zejm\u00e9na materi\u00e1ly bohat\u00e9 na uhl\u00edk, jako jsou piliny a drobn\u00e9 v\u011btvi\u010dky, kter\u00e9 dopln\u00ed na dus\u00edk bohat\u00e9 spla\u0161ky z toalety. D\u00e1le kompost obohacujeme organick\u00fdm odpadem z na\u0161\u00ed zahrady a kuchyn\u011b. V roce 2021 jsme spustili provoz syst\u00e9mu vermikompostovac\u00ed toalety nasazen\u00edm po\u010d\u00e1te\u010dn\u00ed skupiny osadn\u00edk\u016f z druhu Eisenia fetida. Po dvou letech provozu s radost\u00ed hl\u00e1s\u00edme, \u017ee n\u00e1\u0161 syst\u00e9m se stal prav\u00fdm \u017e\u00ed\u017eal\u00edm r\u00e1jem, a ka\u017ed\u00fd n\u00e1v\u0161t\u011bvn\u00edk na\u0161\u00ed instituce ochotn\u011b podpo\u0159\u00ed na\u0161e mal\u00e9 pomocn\u00edky.<\/p>\n\n\n<div class=\"wp-block-image\">\n<figure class=\"aligncenter size-full is-resized\"><img loading=\"lazy\" decoding=\"async\" width=\"100\" height=\"67\" src=\"https:\/\/pitpraha.cz\/wp-content\/uploads\/2023\/11\/black_water-1.svg\" alt=\"\" class=\"wp-image-373\" style=\"width:600px\"\/><figcaption class=\"wp-element-caption\">Sch\u00e9ma \u00fastavn\u00ed vermikompostovac\u00ed toalety.<\/figcaption><\/figure>\n<\/div>\n\n\n<p>Jedn\u00edm z na\u0161ich p\u016fvodn\u00edch n\u00e1pad\u016f bylo vyu\u017e\u00edt \u0161edou vodu tak\u00e9 k splachov\u00e1n\u00ed toalety. Tuto my\u0161lenku jsme v\u0161ak pozd\u011bji opustili kv\u016fli rychl\u00e9 degradaci vody pln\u00e9 organick\u00fdch odpad\u016f z kuchy\u0148sk\u00e9ho d\u0159ezu, co\u017e zp\u016fsobovalo ne\u017e\u00e1douc\u00ed pachy v toalet\u011b a splachovac\u00ed n\u00e1dr\u017ei. V dne\u0161n\u00ed dob\u011b je ve\u0161ker\u00e1 \u0161ed\u00e1 voda sm\u011b\u0159ov\u00e1na do t\u0159\u00edkomorov\u00e9 septiky o objemu 3000 litr\u016f. V r\u00e1mci tohoto syst\u00e9mu organick\u00fd odpad proch\u00e1z\u00ed anaerobn\u00edm zpracov\u00e1n\u00edm bakteriemi. Nakonec je upraven\u00e1 \u0161ed\u00e1 voda znovu vyu\u017e\u00edv\u00e1na k zavla\u017eov\u00e1n\u00ed zahrady.<\/p>\n\n\n<div class=\"wp-block-image\">\n<figure class=\"aligncenter size-full is-resized\"><img loading=\"lazy\" decoding=\"async\" width=\"210\" height=\"98\" src=\"https:\/\/pitpraha.cz\/wp-content\/uploads\/2023\/11\/waste_water.svg\" alt=\"\" class=\"wp-image-354\" style=\"width:800px\"\/><figcaption class=\"wp-element-caption\">Sch\u00e9ma zpracov\u00e1n\u00ed \u0161ed\u00e9 vody.<\/figcaption><\/figure>\n<\/div><\/div>\n<\/div><\/div>\n","protected":false},"excerpt":{"rendered":"","protected":false},"author":1,"featured_media":0,"parent":514,"menu_order":1,"comment_status":"closed","ping_status":"closed","template":"","meta":{"neve_meta_sidebar":"","neve_meta_container":"default","neve_meta_enable_content_width":"","neve_meta_content_width":0,"neve_meta_title_alignment":"center","neve_meta_author_avatar":"","neve_post_elements_order":"","neve_meta_disable_header":"off","neve_meta_disable_footer":"on","neve_meta_disable_title":"off","_themeisle_gutenberg_block_has_review":false,"_ti_tpc_template_sync":false,"_ti_tpc_template_id":"","footnotes":""},"class_list":["post-526","page","type-page","status-publish","hentry"],"_links":{"self":[{"href":"https:\/\/pitpraha.cz\/index.php?rest_route=\/wp\/v2\/pages\/526","targetHints":{"allow":["GET"]}}],"collection":[{"href":"https:\/\/pitpraha.cz\/index.php?rest_route=\/wp\/v2\/pages"}],"about":[{"href":"https:\/\/pitpraha.cz\/index.php?rest_route=\/wp\/v2\/types\/page"}],"author":[{"embeddable":true,"href":"https:\/\/pitpraha.cz\/index.php?rest_route=\/wp\/v2\/users\/1"}],"replies":[{"embeddable":true,"href":"https:\/\/pitpraha.cz\/index.php?rest_route=%2Fwp%2Fv2%2Fcomments&post=526"}],"version-history":[{"count":1,"href":"https:\/\/pitpraha.cz\/index.php?rest_route=\/wp\/v2\/pages\/526\/revisions"}],"predecessor-version":[{"id":527,"href":"https:\/\/pitpraha.cz\/index.php?rest_route=\/wp\/v2\/pages\/526\/revisions\/527"}],"up":[{"embeddable":true,"href":"https:\/\/pitpraha.cz\/index.php?rest_route=\/wp\/v2\/pages\/514"}],"wp:attachment":[{"href":"https:\/\/pitpraha.cz\/index.php?rest_route=%2Fwp%2Fv2%2Fmedia&parent=526"}],"curies":[{"name":"wp","href":"https:\/\/api.w.org\/{rel}","templated":true}]}}