{"id":516,"date":"2023-12-12T12:44:01","date_gmt":"2023-12-12T12:44:01","guid":{"rendered":"http:\/\/dira.jecool.net\/?page_id=516"},"modified":"2023-12-19T07:59:48","modified_gmt":"2023-12-19T07:59:48","slug":"historie-budovy-ustavu","status":"publish","type":"page","link":"https:\/\/pitpraha.cz\/?page_id=516&lang=cs","title":{"rendered":"Historie budovy \u00fastavu"},"content":{"rendered":"\n<div id=\"wp-block-themeisle-blocks-advanced-columns-39ba9f58\" class=\"wp-block-themeisle-blocks-advanced-columns alignfull has-1-columns has-desktop-equal-layout has-tablet-equal-layout has-mobile-collapsedRows-layout has-vertical-center has-light-bg\"><div class=\"wp-block-themeisle-blocks-advanced-columns-overlay\"><\/div><div class=\"innerblocks-wrap\">\n<div id=\"wp-block-themeisle-blocks-advanced-column-e3f97a34\" class=\"wp-block-themeisle-blocks-advanced-column\">\n<p>Studium p\u0159\u00edrodn\u00edch proces\u016f na molekul\u00e1rn\u00ed \u00farovni n\u00e1m uk\u00e1zalo, \u017ee tyto procesy se inherentn\u011b vyv\u00edjej\u00ed pod\u00e9l energeticky nejv\u00fdhodn\u011bj\u0161\u00edch cest, co\u017e vede k pozoruhodn\u00e9 efektivit\u011b. S touto z\u00e1sadou na\u0161e instituce klade velk\u00fd d\u016fraz na efektivitu a minimalizaci spot\u0159eby energie. Inspirujeme se vnit\u0159n\u00ed \u00fa\u010dinnost\u00ed p\u0159\u00edrody a sna\u017e\u00edme se tyto principy za\u010dlenit do na\u0161\u00ed budovy.<\/p>\n\n\n\n<p>N\u00e1vrh na\u0161\u00ed budovy \u010derp\u00e1 inspiraci z architektury &#8220;zem\u011blodi&#8221; konceptu, kter\u00fd p\u0159edstavil architekt Michael Reynolds. Reynolds v\u011bnoval sv\u016fj \u017eivot konstrukci dom\u016f z recyklovan\u00fdch materi\u00e1l\u016f, zcela nez\u00e1visl\u00fdch na konven\u010dn\u00edch in\u017een\u00fdrsk\u00fdch s\u00edt\u00edch. Jeho pr\u016fkopnick\u00e1 pr\u00e1ce z\u00edskala uzn\u00e1n\u00ed za v\u00fdvoj sob\u011bsta\u010dn\u00e9ho, ekologick\u00e9ho bydlen\u00ed hluboce zakotven\u00e9ho v harmonii s p\u0159\u00edrodou, minimalismu a maxim\u00e1ln\u00edmu vyu\u017eit\u00ed m\u00edstn\u00edch a p\u0159\u00edrodn\u00edch materi\u00e1l\u016f.<\/p>\n\n\n\n<p>V na\u0161\u00ed budov\u011b jsme adoptovali charakteristick\u00fd &#8220;U&#8221;-\u010dkov\u00fd p\u016fdorys zem\u011blodi dopln\u011bn\u00fd sklen\u011bn\u00fdm pr\u016f\u010del\u00edm obr\u00e1cen\u00fdm k jihu. Sou\u010d\u00e1st\u00ed pr\u016f\u010del\u00ed je sklen\u00edk omezuj\u00edc\u00ed tepeln\u00e9 ztr\u00e1ty sklen\u011bnou plochou. D\u00e1le jsem u\u010dinili odchylky od p\u016fvodn\u00edho n\u00e1vrhu Reynoldse zejm\u00e9na v oblasti izolace a podzemn\u00edho um\u00edst\u011bn\u00ed na\u0161\u00ed budovy.<\/p>\n\n\n\n<p>Rozhodnut\u00ed postavit na\u0161i budovu zcela pod zem\u00ed bylo motivov\u00e1no estetick\u00fdmi \u00favahami. Toto rozhodnut\u00ed v\u0161ak vy\u017eadovalo dodate\u010dnou izolaci. V\u00fdhody podzemn\u00ed struktury spo\u010d\u00edvaj\u00ed v relativn\u011b stabiln\u00edch teplot\u00e1ch p\u016fdy kolem 7 \u00b0C po cel\u00fd rok. To zaji\u0161\u0165uje p\u0159irozen\u011b chladn\u00fd interi\u00e9r b\u011bhem hork\u00fdch letn\u00edch dn\u016f, i kdy\u017e teploty vn\u011bj\u0161\u00edho prost\u0159ed\u00ed p\u0159esahuj\u00ed 37 \u00b0C. V zim\u011b tepolty p\u0159irozen\u011b neklesnou pod nulu. Nicm\u00e9n\u011b pro udr\u017een\u00ed tepeln\u00e9ho komfortu b\u011bhem chladn\u011bj\u0161\u00edch m\u011bs\u00edc\u016f je nutn\u00e9 aktivn\u00ed vyt\u00e1p\u011bn\u00ed a izolace budovy.<\/p>\n\n\n\n<p>Samotn\u00e9 stavebn\u00ed pr\u00e1ce za\u010dali v\u00fdkopem j\u00e1my ve tvaru p\u00edsmene &#8220;U&#8221;. Na dn\u011b jsme um\u00edstili vrstvu extrudovan\u00e9ho polystyrenu a p\u0159\u00edmo na n\u00ed pneumatiky pro stavbu st\u011bn. St\u011bny jsou postaveny vrstven\u00edm pneumatik nap\u011bchovan\u00fdch hl\u00ednou. P\u0159i\u010dem\u017e jsme na celou obvodovou st\u011bnu pou\u017eili zhruba 300 pneumatik. Za st\u011bnou z pneu n\u00e1sleduje 20 cm vrstvou izolace z polystyrenu pro term\u00e1ln\u00ed izolaci a jako dopl\u0148kov\u00e1 vrstva hydroizolace slou\u017e\u00ed nopov\u00e1 f\u00f3lie. Navzdory minim\u00e1ln\u00ed hydroizolaci nem\u00e1me probl\u00e9my s pronik\u00e1n\u00edm vlhkosti do st\u011bn. Vd\u011b\u010dit za to m\u016f\u017eeme jak v\u00fdhodn\u00e9 poloze nad str\u017e\u00ed (kter\u00e9 \u010d\u00e1ste\u010dn\u011b \u0159e\u0161\u00ed probl\u00e9my s podzemn\u00ed vodou) tak i pneumatik\u00e1m, kter\u00e9 slou\u017e\u00ed jako vodn\u00ed bari\u00e9ra.<\/p>\n\n\n<style type=\"text\/css\">.otter-masonry .blocks-gallery-grid .blocks-gallery-item img{ width:100% }<\/style><div class=\"otter-masonry\" data-margin=\"10\">\n<figure class=\"wp-block-gallery has-nested-images columns-default is-cropped wp-block-gallery-1 is-layout-flex wp-block-gallery-is-layout-flex\">\n<figure class=\"wp-block-image size-large\"><img loading=\"lazy\" decoding=\"async\" width=\"1024\" height=\"768\" data-id=\"333\" src=\"https:\/\/pitpraha.cz\/wp-content\/uploads\/2023\/09\/IMG_20180529_173245-1024x768.jpg\" alt=\"\" class=\"wp-image-333\" srcset=\"https:\/\/pitpraha.cz\/wp-content\/uploads\/2023\/09\/IMG_20180529_173245-1024x768.jpg 1024w, https:\/\/pitpraha.cz\/wp-content\/uploads\/2023\/09\/IMG_20180529_173245-300x225.jpg 300w, https:\/\/pitpraha.cz\/wp-content\/uploads\/2023\/09\/IMG_20180529_173245-768x576.jpg 768w, https:\/\/pitpraha.cz\/wp-content\/uploads\/2023\/09\/IMG_20180529_173245-1536x1152.jpg 1536w, https:\/\/pitpraha.cz\/wp-content\/uploads\/2023\/09\/IMG_20180529_173245.jpg 2048w\" sizes=\"auto, (max-width: 1024px) 100vw, 1024px\" \/><\/figure>\n\n\n\n<figure class=\"wp-block-image size-large\"><img loading=\"lazy\" decoding=\"async\" width=\"1024\" height=\"768\" data-id=\"314\" src=\"https:\/\/pitpraha.cz\/wp-content\/uploads\/2023\/09\/IMG_20180905_172048-1024x768.jpg\" alt=\"\" class=\"wp-image-314\" srcset=\"https:\/\/pitpraha.cz\/wp-content\/uploads\/2023\/09\/IMG_20180905_172048-1024x768.jpg 1024w, https:\/\/pitpraha.cz\/wp-content\/uploads\/2023\/09\/IMG_20180905_172048-300x225.jpg 300w, https:\/\/pitpraha.cz\/wp-content\/uploads\/2023\/09\/IMG_20180905_172048-768x576.jpg 768w, https:\/\/pitpraha.cz\/wp-content\/uploads\/2023\/09\/IMG_20180905_172048-1536x1152.jpg 1536w, https:\/\/pitpraha.cz\/wp-content\/uploads\/2023\/09\/IMG_20180905_172048.jpg 2048w\" sizes=\"auto, (max-width: 1024px) 100vw, 1024px\" \/><\/figure>\n\n\n\n<figure class=\"wp-block-image size-large\"><img loading=\"lazy\" decoding=\"async\" width=\"1024\" height=\"768\" data-id=\"322\" src=\"https:\/\/pitpraha.cz\/wp-content\/uploads\/2023\/09\/IMG_20180712_163907-1024x768.jpg\" alt=\"\" class=\"wp-image-322\" srcset=\"https:\/\/pitpraha.cz\/wp-content\/uploads\/2023\/09\/IMG_20180712_163907-1024x768.jpg 1024w, https:\/\/pitpraha.cz\/wp-content\/uploads\/2023\/09\/IMG_20180712_163907-300x225.jpg 300w, https:\/\/pitpraha.cz\/wp-content\/uploads\/2023\/09\/IMG_20180712_163907-768x576.jpg 768w, https:\/\/pitpraha.cz\/wp-content\/uploads\/2023\/09\/IMG_20180712_163907-1536x1152.jpg 1536w, https:\/\/pitpraha.cz\/wp-content\/uploads\/2023\/09\/IMG_20180712_163907.jpg 2048w\" sizes=\"auto, (max-width: 1024px) 100vw, 1024px\" \/><\/figure>\n<\/figure>\n<\/div>\n\n\n<p>P\u0159esto, \u017ee vlhkost do prostor nepronik\u00e1 skrze st\u011bny, \u00fam\u00edst\u011bn\u00ed pod zem\u00ed a rozvr\u017een\u00ed budovy maj\u00ed za n\u00e1sledek vy\u0161\u0161\u00ed \u00farove\u0148 vlhkosti. P\u0159edpokl\u00e1d\u00e1me, \u017ee p\u0159edev\u0161\u00edm vzhledem k tomu, \u017ee hlavn\u00ed m\u00edstnost nem\u00e1 okna pro p\u0159irozenou cirkulaci vzduchu a chladn\u00fd vzduch nasycen\u00fd vlhkost\u00ed se dr\u017e\u00ed v m\u00edstnosti. Proto jsme v ned\u00e1vn\u00e9 dob\u011b spustili vn\u011bj\u0161\u00ed ventila\u010dn\u00ed syst\u00e9m k zaji\u0161t\u011bn\u00ed dostate\u010dn\u00e9 kvality vzduchu.<\/p>\n\n\n\n<p>Slabou str\u00e1nkou jednoduch\u00e9ho p\u0159\u00edstupu je st\u0159echa. P\u0159evzali jsme design inspirovan\u00fd ranou prac\u00ed Michaela Reynoldse a postavili d\u0159ev\u011bnou st\u0159echu p\u0159\u00edmo na d\u0159ev\u011bn\u00fdch nosn\u00edc\u00edch. Estetick\u00e1 p\u0159ita\u017elivost tohoto designu je nezpochybniteln\u00e1, ale nese sebou nev\u00fdhodu. Parot\u011bsn\u00e1 dehtov\u00e1 vrstva le\u017e\u00ed p\u0159\u00edmo na stropn\u00edch palubk\u00e1ch. Tato vrsta zabra\u0148uje pronik\u00e1n\u00ed vlhkosti ze st\u0159echy dovnit\u0159 do konstrukce, ale z\u00e1rove\u0148 i zabra\u0148uje unik\u00e1n\u00ed vlhkosti, vznikl\u00e9 v budov\u011b, z konstrukce. Po hydroizolaci st\u0159echy n\u00e1sleduje tlust\u00e1 vrstva polystyrenu pro tepelnou izolaci a dal\u0161\u00ed vrstva zapbra\u0148uj\u00edc\u00ed pronik\u00e1n\u00ed vody ve form\u011b nopov\u00e9 f\u00f3lie. Svrchn\u00ed vrstvu st\u0159echy tvo\u0159\u00ed 10-15cm p\u016fdy. A\u010dkoliv tato konstrukce pln\u00ed sv\u016fj \u00fa\u010del, mysl\u00edme si, \u017ee detaily konstrukce by mohly b\u00fdt vylep\u0161eny.<\/p>\n\n\n<style type=\"text\/css\">.otter-masonry .blocks-gallery-grid .blocks-gallery-item img{ width:100% }<\/style><div class=\"otter-masonry\" data-margin=\"10\">\n<figure class=\"wp-block-gallery has-nested-images columns-default is-cropped wp-block-gallery-2 is-layout-flex wp-block-gallery-is-layout-flex\">\n<figure class=\"wp-block-image size-large\"><img loading=\"lazy\" decoding=\"async\" width=\"1024\" height=\"768\" data-id=\"443\" src=\"https:\/\/pitpraha.cz\/wp-content\/uploads\/2023\/11\/IMG_20180919_140601-1024x768.jpg\" alt=\"\" class=\"wp-image-443\" srcset=\"https:\/\/pitpraha.cz\/wp-content\/uploads\/2023\/11\/IMG_20180919_140601-1024x768.jpg 1024w, https:\/\/pitpraha.cz\/wp-content\/uploads\/2023\/11\/IMG_20180919_140601-300x225.jpg 300w, https:\/\/pitpraha.cz\/wp-content\/uploads\/2023\/11\/IMG_20180919_140601-768x576.jpg 768w, https:\/\/pitpraha.cz\/wp-content\/uploads\/2023\/11\/IMG_20180919_140601-1536x1152.jpg 1536w, https:\/\/pitpraha.cz\/wp-content\/uploads\/2023\/11\/IMG_20180919_140601.jpg 2048w\" sizes=\"auto, (max-width: 1024px) 100vw, 1024px\" \/><\/figure>\n\n\n\n<figure class=\"wp-block-image size-large\"><img loading=\"lazy\" decoding=\"async\" width=\"1024\" height=\"768\" data-id=\"440\" src=\"https:\/\/pitpraha.cz\/wp-content\/uploads\/2023\/11\/285330967_1375353122965437_8444509423541008866_n-1024x768.jpg\" alt=\"\" class=\"wp-image-440\" srcset=\"https:\/\/pitpraha.cz\/wp-content\/uploads\/2023\/11\/285330967_1375353122965437_8444509423541008866_n-1024x768.jpg 1024w, https:\/\/pitpraha.cz\/wp-content\/uploads\/2023\/11\/285330967_1375353122965437_8444509423541008866_n-300x225.jpg 300w, https:\/\/pitpraha.cz\/wp-content\/uploads\/2023\/11\/285330967_1375353122965437_8444509423541008866_n-768x576.jpg 768w, https:\/\/pitpraha.cz\/wp-content\/uploads\/2023\/11\/285330967_1375353122965437_8444509423541008866_n-1536x1152.jpg 1536w, https:\/\/pitpraha.cz\/wp-content\/uploads\/2023\/11\/285330967_1375353122965437_8444509423541008866_n.jpg 2000w\" sizes=\"auto, (max-width: 1024px) 100vw, 1024px\" \/><\/figure>\n\n\n\n<figure class=\"wp-block-image size-large\"><img loading=\"lazy\" decoding=\"async\" width=\"1299\" height=\"974\" data-id=\"448\" src=\"https:\/\/pitpraha.cz\/wp-content\/uploads\/2023\/11\/285390169_1021099315202472_1827794777212587400_n-edited.jpg\" alt=\"\" class=\"wp-image-448\" srcset=\"https:\/\/pitpraha.cz\/wp-content\/uploads\/2023\/11\/285390169_1021099315202472_1827794777212587400_n-edited.jpg 1299w, https:\/\/pitpraha.cz\/wp-content\/uploads\/2023\/11\/285390169_1021099315202472_1827794777212587400_n-edited-300x225.jpg 300w, https:\/\/pitpraha.cz\/wp-content\/uploads\/2023\/11\/285390169_1021099315202472_1827794777212587400_n-edited-1024x768.jpg 1024w, https:\/\/pitpraha.cz\/wp-content\/uploads\/2023\/11\/285390169_1021099315202472_1827794777212587400_n-edited-768x576.jpg 768w\" sizes=\"auto, (max-width: 1299px) 100vw, 1299px\" \/><\/figure>\n<\/figure>\n<\/div>\n\n\n<p>Krom\u011b vlhkosti \u010del\u00ed st\u0159echa i dal\u0161\u00edm v\u00fdzv\u00e1m vypl\u00fdvaj\u00edc\u00edm p\u0159\u00edrodn\u00edho prost\u0159ed\u00ed. Hlodavci, zejm\u00e9na my\u0161i, dok\u00e1\u017e\u00ed proniknout hydroizola\u010dn\u00ed vrstvou a potenci\u00e1ln\u011b zp\u016fsobit probl\u00e9my. V d\u016fsledku toho p\u0159edpokl\u00e1d\u00e1me, \u017ee bude pot\u0159eba st\u0159echu na\u0161eho \u00fastavu v nadch\u00e1zej\u00edc\u00edch letech rekonstruovat, abychom se vypo\u0159\u00e1dali s t\u011bmito v\u00fdzvami a zv\u00fd\u0161ili celkovou integritu na\u0161\u00ed struktury.<\/p>\n\n\n\n<p>Jedn\u00edm ze stavebn\u00edch princip\u016f zem\u011blodi je absence tepeln\u00e9 izolace jak ve st\u011bn\u00e1ch, tak i na podlaze. Co\u017e m\u016f\u017ee fungovat v prost\u0159ed\u00ed pou\u0161t\u011b Nov\u00e9ho Mexika, av\u0161ak v na\u0161em podneb\u00ed jsme nepova\u017eovali toto \u0159e\u0161en\u00ed za \u0161tastn\u00e9 a od tohoto p\u0159\u00edstupu jsme se odch\u00fdlili. Kompozice podlahy zahrnuje vrstvu \u0161t\u011brku pokrytou dehtov\u00fdm p\u00e1sem k regulaci vlhkosti odpa\u0159uj\u00edc\u00ed se z p\u016fdy. P\u0159\u00edmo nad dehtem n\u00e1sleduje 10 cm vrstva extrudovan\u00e9ho polystyrenu, polyethylenov\u00e1 f\u00f3lie a 10 cm vrstva betonu. Povrch podlahy tvo\u0159\u00ed dla\u017edice.<\/p>\n\n\n\n<figure class=\"wp-block-gallery has-nested-images columns-default is-cropped wp-block-gallery-3 is-layout-flex wp-block-gallery-is-layout-flex\">\n<figure class=\"wp-block-image size-large\"><img loading=\"lazy\" decoding=\"async\" width=\"1024\" height=\"768\" data-id=\"447\" src=\"https:\/\/pitpraha.cz\/wp-content\/uploads\/2023\/11\/IMG_20190708_110640-1024x768.jpg\" alt=\"\" class=\"wp-image-447\" srcset=\"https:\/\/pitpraha.cz\/wp-content\/uploads\/2023\/11\/IMG_20190708_110640-1024x768.jpg 1024w, https:\/\/pitpraha.cz\/wp-content\/uploads\/2023\/11\/IMG_20190708_110640-300x225.jpg 300w, https:\/\/pitpraha.cz\/wp-content\/uploads\/2023\/11\/IMG_20190708_110640-768x576.jpg 768w, https:\/\/pitpraha.cz\/wp-content\/uploads\/2023\/11\/IMG_20190708_110640-1536x1152.jpg 1536w, https:\/\/pitpraha.cz\/wp-content\/uploads\/2023\/11\/IMG_20190708_110640-2048x1536.jpg 2048w\" sizes=\"auto, (max-width: 1024px) 100vw, 1024px\" \/><\/figure>\n\n\n\n<figure class=\"wp-block-image size-large\"><img loading=\"lazy\" decoding=\"async\" width=\"1024\" height=\"768\" data-id=\"449\" src=\"https:\/\/pitpraha.cz\/wp-content\/uploads\/2023\/11\/IMG_20190708_173449-1024x768.jpg\" alt=\"\" class=\"wp-image-449\" srcset=\"https:\/\/pitpraha.cz\/wp-content\/uploads\/2023\/11\/IMG_20190708_173449-1024x768.jpg 1024w, https:\/\/pitpraha.cz\/wp-content\/uploads\/2023\/11\/IMG_20190708_173449-300x225.jpg 300w, https:\/\/pitpraha.cz\/wp-content\/uploads\/2023\/11\/IMG_20190708_173449-768x576.jpg 768w, https:\/\/pitpraha.cz\/wp-content\/uploads\/2023\/11\/IMG_20190708_173449-1536x1152.jpg 1536w, https:\/\/pitpraha.cz\/wp-content\/uploads\/2023\/11\/IMG_20190708_173449-2048x1536.jpg 2048w\" sizes=\"auto, (max-width: 1024px) 100vw, 1024px\" \/><\/figure>\n\n\n\n<figure class=\"wp-block-image size-large\"><img loading=\"lazy\" decoding=\"async\" width=\"1024\" height=\"768\" data-id=\"442\" src=\"https:\/\/pitpraha.cz\/wp-content\/uploads\/2023\/11\/IMG_20190709_172942-1024x768.jpg\" alt=\"\" class=\"wp-image-442\" srcset=\"https:\/\/pitpraha.cz\/wp-content\/uploads\/2023\/11\/IMG_20190709_172942-1024x768.jpg 1024w, https:\/\/pitpraha.cz\/wp-content\/uploads\/2023\/11\/IMG_20190709_172942-300x225.jpg 300w, https:\/\/pitpraha.cz\/wp-content\/uploads\/2023\/11\/IMG_20190709_172942-768x576.jpg 768w, https:\/\/pitpraha.cz\/wp-content\/uploads\/2023\/11\/IMG_20190709_172942-1536x1152.jpg 1536w, https:\/\/pitpraha.cz\/wp-content\/uploads\/2023\/11\/IMG_20190709_172942-2048x1536.jpg 2048w\" sizes=\"auto, (max-width: 1024px) 100vw, 1024px\" \/><\/figure>\n<\/figure>\n\n\n\n<p>Ji\u017en\u00ed st\u011bna institutu je prosklen\u00e1 a kryt\u00e1 sklen\u00edkem. Je to jedin\u00e1 otev\u0159en\u00e1 strana umo\u017e\u0148uj\u00edc\u00ed slune\u010dn\u00edmu z\u00e1\u0159en\u00ed vstupovat do interi\u00e9ru. Mezi sklen\u00edkem a interi\u00e9rem jsme vytvo\u0159ili odd\u011blen\u00ed pomoc\u00ed dal\u0161\u00ed sklen\u011bn\u00e9 st\u011bny z dvouvrstv\u00fdch skel. Sklen\u00edk funguje jako tepeln\u00fd n\u00e1razn\u00edk a chr\u00e1n\u00ed ji\u017en\u00ed st\u011bnu p\u0159ed pov\u011btrnostn\u00edmi podm\u00ednkami, z\u00e1rove\u0148 umo\u017e\u0148uje p\u011bstov\u00e1n\u00ed zeleniny.<\/p>\n\n\n\n<figure class=\"wp-block-gallery has-nested-images columns-default is-cropped wp-block-gallery-4 is-layout-flex wp-block-gallery-is-layout-flex\">\n<figure class=\"wp-block-image size-large\"><img loading=\"lazy\" decoding=\"async\" width=\"768\" height=\"1024\" data-id=\"452\" src=\"https:\/\/pitpraha.cz\/wp-content\/uploads\/2023\/11\/IMG_20190724_123045-768x1024.jpg\" alt=\"\" class=\"wp-image-452\" srcset=\"https:\/\/pitpraha.cz\/wp-content\/uploads\/2023\/11\/IMG_20190724_123045-768x1024.jpg 768w, https:\/\/pitpraha.cz\/wp-content\/uploads\/2023\/11\/IMG_20190724_123045-225x300.jpg 225w, https:\/\/pitpraha.cz\/wp-content\/uploads\/2023\/11\/IMG_20190724_123045-1152x1536.jpg 1152w, https:\/\/pitpraha.cz\/wp-content\/uploads\/2023\/11\/IMG_20190724_123045-1536x2048.jpg 1536w, https:\/\/pitpraha.cz\/wp-content\/uploads\/2023\/11\/IMG_20190724_123045-scaled.jpg 1920w\" sizes=\"auto, (max-width: 768px) 100vw, 768px\" \/><\/figure>\n\n\n\n<figure class=\"wp-block-image size-large\"><img loading=\"lazy\" decoding=\"async\" width=\"1024\" height=\"768\" data-id=\"453\" src=\"https:\/\/pitpraha.cz\/wp-content\/uploads\/2023\/11\/IMG_20190815_194205-1024x768.jpg\" alt=\"\" class=\"wp-image-453\" srcset=\"https:\/\/pitpraha.cz\/wp-content\/uploads\/2023\/11\/IMG_20190815_194205-1024x768.jpg 1024w, https:\/\/pitpraha.cz\/wp-content\/uploads\/2023\/11\/IMG_20190815_194205-300x225.jpg 300w, https:\/\/pitpraha.cz\/wp-content\/uploads\/2023\/11\/IMG_20190815_194205-768x576.jpg 768w, https:\/\/pitpraha.cz\/wp-content\/uploads\/2023\/11\/IMG_20190815_194205-1536x1152.jpg 1536w, https:\/\/pitpraha.cz\/wp-content\/uploads\/2023\/11\/IMG_20190815_194205-2048x1536.jpg 2048w\" sizes=\"auto, (max-width: 1024px) 100vw, 1024px\" \/><\/figure>\n\n\n\n<figure class=\"wp-block-image size-large\"><img loading=\"lazy\" decoding=\"async\" width=\"768\" height=\"1024\" data-id=\"454\" src=\"https:\/\/pitpraha.cz\/wp-content\/uploads\/2023\/11\/IMG_20200316_155909-768x1024.jpg\" alt=\"\" class=\"wp-image-454\" srcset=\"https:\/\/pitpraha.cz\/wp-content\/uploads\/2023\/11\/IMG_20200316_155909-768x1024.jpg 768w, https:\/\/pitpraha.cz\/wp-content\/uploads\/2023\/11\/IMG_20200316_155909-225x300.jpg 225w, https:\/\/pitpraha.cz\/wp-content\/uploads\/2023\/11\/IMG_20200316_155909-1152x1536.jpg 1152w, https:\/\/pitpraha.cz\/wp-content\/uploads\/2023\/11\/IMG_20200316_155909-1536x2048.jpg 1536w, https:\/\/pitpraha.cz\/wp-content\/uploads\/2023\/11\/IMG_20200316_155909-scaled.jpg 1920w\" sizes=\"auto, (max-width: 768px) 100vw, 768px\" \/><\/figure>\n<\/figure>\n\n\n\n<p>V\u0161echny vnit\u0159n\u00ed povrchy st\u011bn jsou pokryty vrstvou j\u00edlu z\u00edskan\u00e9ho b\u011bhem stavby. Na ze\u010f z pneumatik jsme postupn\u011b aplikovaly r\u016fzn\u00e9 vrstvy j\u00edlu. Prvn\u00ed vrstva je pom\u011brn\u011b hrub\u00e1 a skl\u00e1d\u00e1 se pouze z j\u00edlu, aby vyplnila mezery mezi pneumatikami. Ka\u017ed\u00e1 vrstva mus\u00ed zaschnout p\u0159ed pokryt\u00edm dal\u0161\u00ed vrstvou (co\u017e trv\u00e1 pr\u016fm\u011brn\u011b t\u0159i t\u00fddny v z\u00e1vislosti na tlou\u0161\u0165ce vrstvy a podm\u00ednk\u00e1ch prost\u0159ed\u00ed). N\u00e1sleduj\u00edc\u00ed vrstva je st\u00e1le relativn\u011b hrub\u00e1 a m\u016f\u017ee se t\u00e9\u017e sest\u00e1vat z \u010dist\u00e9ho j\u00edlu. Jej\u00edm \u00fa\u010delem je vyhladit d\u00edry p\u0159ed aplikac\u00ed kone\u010dn\u00e9 vrstvy. Pro zv\u00fd\u0161en\u00ed pevnosti kone\u010dn\u00e9 vrstvy je na st\u011bnu jako strukturn\u00ed podpora um\u00edst\u011bna s\u00ed\u0165 (perlinka). V posledn\u00ed vrstv\u011b mus\u00ed b\u00fdt j\u00edl sm\u00edch\u00e1n se p\u00edskem, aby se p\u0159ede\u0161lo prask\u00e1n\u00ed b\u011bhem vysou\u0161en\u00ed. Slo\u017een\u00ed sm\u011bsi j\u00edl:p\u00edsek z\u00e1vis\u00ed na pou\u017eit\u00e9m j\u00edlu a m\u016f\u017ee se pohybovat od 1:1 do 1:4. Pro na\u0161e \u00fa\u010dely poslou\u017eil pom\u011br 1:2 k zam\u00fd\u0161len\u00e9mu \u00fa\u010delu. Do sm\u011bsi jsme nav\u00edc p\u0159idali nasekan\u00e1 st\u00e9bla sl\u00e1my pro zv\u00fd\u0161en\u00ed koherence kone\u010dn\u00e9 vrstvy.<\/p>\n\n\n\n<figure class=\"wp-block-gallery has-nested-images columns-default is-cropped wp-block-gallery-5 is-layout-flex wp-block-gallery-is-layout-flex\">\n<figure class=\"wp-block-image size-large\"><img loading=\"lazy\" decoding=\"async\" width=\"768\" height=\"1024\" data-id=\"458\" src=\"https:\/\/pitpraha.cz\/wp-content\/uploads\/2023\/11\/IMG_20200407_173132-768x1024.jpg\" alt=\"\" class=\"wp-image-458\" srcset=\"https:\/\/pitpraha.cz\/wp-content\/uploads\/2023\/11\/IMG_20200407_173132-768x1024.jpg 768w, https:\/\/pitpraha.cz\/wp-content\/uploads\/2023\/11\/IMG_20200407_173132-225x300.jpg 225w, https:\/\/pitpraha.cz\/wp-content\/uploads\/2023\/11\/IMG_20200407_173132-1152x1536.jpg 1152w, https:\/\/pitpraha.cz\/wp-content\/uploads\/2023\/11\/IMG_20200407_173132-1536x2048.jpg 1536w, https:\/\/pitpraha.cz\/wp-content\/uploads\/2023\/11\/IMG_20200407_173132-scaled.jpg 1920w\" sizes=\"auto, (max-width: 768px) 100vw, 768px\" \/><\/figure>\n\n\n\n<figure class=\"wp-block-image size-large\"><img loading=\"lazy\" decoding=\"async\" width=\"1024\" height=\"768\" data-id=\"460\" src=\"https:\/\/pitpraha.cz\/wp-content\/uploads\/2023\/11\/IMG_20200625_131327-1024x768.jpg\" alt=\"\" class=\"wp-image-460\" srcset=\"https:\/\/pitpraha.cz\/wp-content\/uploads\/2023\/11\/IMG_20200625_131327-1024x768.jpg 1024w, https:\/\/pitpraha.cz\/wp-content\/uploads\/2023\/11\/IMG_20200625_131327-300x225.jpg 300w, https:\/\/pitpraha.cz\/wp-content\/uploads\/2023\/11\/IMG_20200625_131327-768x576.jpg 768w, https:\/\/pitpraha.cz\/wp-content\/uploads\/2023\/11\/IMG_20200625_131327-1536x1152.jpg 1536w, https:\/\/pitpraha.cz\/wp-content\/uploads\/2023\/11\/IMG_20200625_131327-2048x1536.jpg 2048w\" sizes=\"auto, (max-width: 1024px) 100vw, 1024px\" \/><\/figure>\n\n\n\n<figure class=\"wp-block-image size-large\"><img loading=\"lazy\" decoding=\"async\" width=\"768\" height=\"1024\" data-id=\"461\" src=\"https:\/\/pitpraha.cz\/wp-content\/uploads\/2023\/11\/IMG_20200624_102500-768x1024.jpg\" alt=\"\" class=\"wp-image-461\" srcset=\"https:\/\/pitpraha.cz\/wp-content\/uploads\/2023\/11\/IMG_20200624_102500-768x1024.jpg 768w, https:\/\/pitpraha.cz\/wp-content\/uploads\/2023\/11\/IMG_20200624_102500-225x300.jpg 225w, https:\/\/pitpraha.cz\/wp-content\/uploads\/2023\/11\/IMG_20200624_102500-1152x1536.jpg 1152w, https:\/\/pitpraha.cz\/wp-content\/uploads\/2023\/11\/IMG_20200624_102500-1536x2048.jpg 1536w, https:\/\/pitpraha.cz\/wp-content\/uploads\/2023\/11\/IMG_20200624_102500-scaled.jpg 1920w\" sizes=\"auto, (max-width: 768px) 100vw, 768px\" \/><\/figure>\n<\/figure>\n<\/div>\n<\/div><\/div>\n","protected":false},"excerpt":{"rendered":"","protected":false},"author":1,"featured_media":0,"parent":0,"menu_order":0,"comment_status":"closed","ping_status":"closed","template":"","meta":{"neve_meta_sidebar":"","neve_meta_container":"","neve_meta_enable_content_width":"","neve_meta_content_width":0,"neve_meta_title_alignment":"","neve_meta_author_avatar":"","neve_post_elements_order":"","neve_meta_disable_header":"","neve_meta_disable_footer":"on","neve_meta_disable_title":"","_themeisle_gutenberg_block_has_review":false,"_ti_tpc_template_sync":false,"_ti_tpc_template_id":"","footnotes":""},"class_list":["post-516","page","type-page","status-publish","hentry"],"_links":{"self":[{"href":"https:\/\/pitpraha.cz\/index.php?rest_route=\/wp\/v2\/pages\/516","targetHints":{"allow":["GET"]}}],"collection":[{"href":"https:\/\/pitpraha.cz\/index.php?rest_route=\/wp\/v2\/pages"}],"about":[{"href":"https:\/\/pitpraha.cz\/index.php?rest_route=\/wp\/v2\/types\/page"}],"author":[{"embeddable":true,"href":"https:\/\/pitpraha.cz\/index.php?rest_route=\/wp\/v2\/users\/1"}],"replies":[{"embeddable":true,"href":"https:\/\/pitpraha.cz\/index.php?rest_route=%2Fwp%2Fv2%2Fcomments&post=516"}],"version-history":[{"count":5,"href":"https:\/\/pitpraha.cz\/index.php?rest_route=\/wp\/v2\/pages\/516\/revisions"}],"predecessor-version":[{"id":550,"href":"https:\/\/pitpraha.cz\/index.php?rest_route=\/wp\/v2\/pages\/516\/revisions\/550"}],"wp:attachment":[{"href":"https:\/\/pitpraha.cz\/index.php?rest_route=%2Fwp%2Fv2%2Fmedia&parent=516"}],"curies":[{"name":"wp","href":"https:\/\/api.w.org\/{rel}","templated":true}]}}