{"id":514,"date":"2023-12-15T10:52:06","date_gmt":"2023-12-15T10:52:06","guid":{"rendered":"http:\/\/dira.jecool.net\/?page_id=514"},"modified":"2024-01-23T13:34:29","modified_gmt":"2024-01-23T13:34:29","slug":"technologicka-reseni","status":"publish","type":"page","link":"https:\/\/pitpraha.cz\/?page_id=514&lang=cs","title":{"rendered":"Technologick\u00e1 \u0159e\u0161en\u00ed"},"content":{"rendered":"\n<div class=\"wp-block-cover alignfull\" style=\"min-height:600px;aspect-ratio:unset;\"><span aria-hidden=\"true\" class=\"wp-block-cover__background has-nv-light-bg-background-color has-background-dim-100 has-background-dim\"><\/span><div class=\"wp-block-cover__inner-container is-layout-flow wp-block-cover-is-layout-flow\">\n<div class=\"wp-block-group\"><div class=\"wp-block-group__inner-container is-layout-flow wp-block-group-is-layout-flow\">\n<div style=\"height:80px\" aria-hidden=\"true\" class=\"wp-block-spacer\"><\/div>\n\n\n\n<div class=\"wp-block-columns are-vertically-aligned-center is-layout-flex wp-container-core-columns-is-layout-9d6595d7 wp-block-columns-is-layout-flex\">\n<div class=\"wp-block-column is-vertically-aligned-center is-layout-flow wp-block-column-is-layout-flow\" style=\"flex-basis:50%\"><div class=\"wp-block-image\">\n<figure class=\"aligncenter size-large is-resized\"><img loading=\"lazy\" decoding=\"async\" width=\"1024\" height=\"877\" src=\"https:\/\/pitpraha.cz\/wp-content\/uploads\/2023\/11\/IMG_20210809_164311-1-1024x877.jpg\" alt=\"\" class=\"wp-image-378\" style=\"aspect-ratio:1.1676168757126568;width:503px;height:auto\" srcset=\"https:\/\/pitpraha.cz\/wp-content\/uploads\/2023\/11\/IMG_20210809_164311-1-1024x877.jpg 1024w, https:\/\/pitpraha.cz\/wp-content\/uploads\/2023\/11\/IMG_20210809_164311-1-300x257.jpg 300w, https:\/\/pitpraha.cz\/wp-content\/uploads\/2023\/11\/IMG_20210809_164311-1-768x658.jpg 768w, https:\/\/pitpraha.cz\/wp-content\/uploads\/2023\/11\/IMG_20210809_164311-1-1536x1315.jpg 1536w, https:\/\/pitpraha.cz\/wp-content\/uploads\/2023\/11\/IMG_20210809_164311-1-2048x1754.jpg 2048w\" sizes=\"auto, (max-width: 1024px) 100vw, 1024px\" \/><\/figure>\n<\/div>\n\n\n<div style=\"height:24px\" aria-hidden=\"true\" class=\"wp-block-spacer\"><\/div>\n\n\n\n<h3 class=\"wp-block-heading has-text-align-center has-neve-text-color-color has-text-color\">Vodn\u00ed technologie<\/h3>\n\n\n\n<p class=\"has-text-align-center has-neve-text-color-color has-text-color\">Vodu zachyt\u00e1v\u00e1me d\u011b\u0161\u0165ovou. Usazujeme, filtrujeme a ukl\u00e1d\u00e1me v podzemn\u00ed n\u00e1dr\u017ei. Pro bli\u017e\u0161\u00ed informace pou\u017eijte tla\u010d\u00edtko pod textem.<\/p>\n\n\n\n<div class=\"wp-block-buttons is-content-justification-center is-layout-flex wp-container-core-buttons-is-layout-16018d1d wp-block-buttons-is-layout-flex\">\n<div class=\"wp-block-button is-style-primary\"><a class=\"wp-block-button__link wp-element-button\" href=\"https:\/\/pitpraha.cz\/?page_id=521&amp;lang=cs\">Podrobnosti<\/a><\/div>\n<\/div>\n\n\n\n<div style=\"height:40px\" aria-hidden=\"true\" class=\"wp-block-spacer\"><\/div>\n<\/div>\n\n\n\n<div class=\"wp-block-column is-vertically-aligned-center is-layout-flow wp-block-column-is-layout-flow\" style=\"flex-basis:50%\">\n<figure class=\"wp-block-gallery has-nested-images columns-default is-cropped wp-block-gallery-1 is-layout-flex wp-block-gallery-is-layout-flex\">\n<figure class=\"wp-block-image size-large\"><img loading=\"lazy\" decoding=\"async\" width=\"1024\" height=\"768\" data-id=\"374\" src=\"https:\/\/pitpraha.cz\/wp-content\/uploads\/2023\/11\/IMG_20200728_115823-1024x768.jpg\" alt=\"\" class=\"wp-image-374\" srcset=\"https:\/\/pitpraha.cz\/wp-content\/uploads\/2023\/11\/IMG_20200728_115823-1024x768.jpg 1024w, https:\/\/pitpraha.cz\/wp-content\/uploads\/2023\/11\/IMG_20200728_115823-300x225.jpg 300w, https:\/\/pitpraha.cz\/wp-content\/uploads\/2023\/11\/IMG_20200728_115823-768x576.jpg 768w, https:\/\/pitpraha.cz\/wp-content\/uploads\/2023\/11\/IMG_20200728_115823-1536x1152.jpg 1536w, https:\/\/pitpraha.cz\/wp-content\/uploads\/2023\/11\/IMG_20200728_115823-2048x1536.jpg 2048w\" sizes=\"auto, (max-width: 1024px) 100vw, 1024px\" \/><\/figure>\n<\/figure>\n\n\n\n<div style=\"height:24px\" aria-hidden=\"true\" class=\"wp-block-spacer\"><\/div>\n\n\n\n<h3 class=\"wp-block-heading has-text-align-center has-neve-text-color-color has-text-color\">Sol\u00e1rn\u00ed Technologie<\/h3>\n\n\n\n<p class=\"has-text-align-center has-neve-text-color-color has-text-color\">Energii pro provoz na\u0161eho institutu z\u00edsk\u00e1v\u00e1me ze slune\u010dn\u00edho z\u00e1\u0159en\u00ed. Pro bli\u017e\u0161\u00ed informace pou\u017eijte tla\u010d\u00edtko pod textem.<\/p>\n\n\n\n<div class=\"wp-block-buttons is-content-justification-center is-layout-flex wp-container-core-buttons-is-layout-16018d1d wp-block-buttons-is-layout-flex\">\n<div class=\"wp-block-button is-style-primary\"><a class=\"wp-block-button__link wp-element-button\" href=\"https:\/\/pitpraha.cz\/?page_id=524&amp;lang=cs\">Podrobnosti<\/a><\/div>\n<\/div>\n\n\n\n<div style=\"height:40px\" aria-hidden=\"true\" class=\"wp-block-spacer\"><\/div>\n<\/div>\n<\/div>\n\n\n\n<div style=\"height:40px\" aria-hidden=\"true\" class=\"wp-block-spacer\"><\/div>\n<\/div><\/div>\n<\/div><\/div>\n\n\n\n<div class=\"wp-block-cover alignfull\" style=\"min-height:600px;aspect-ratio:unset;\"><span aria-hidden=\"true\" class=\"wp-block-cover__background has-nv-site-bg-background-color has-background-dim-100 has-background-dim\"><\/span><div class=\"wp-block-cover__inner-container is-layout-flow wp-block-cover-is-layout-flow\">\n<div class=\"wp-block-group\"><div class=\"wp-block-group__inner-container is-layout-flow wp-block-group-is-layout-flow\">\n<div style=\"height:80px\" aria-hidden=\"true\" class=\"wp-block-spacer\"><\/div>\n\n\n\n<div class=\"wp-block-columns are-vertically-aligned-center is-layout-flex wp-container-core-columns-is-layout-9d6595d7 wp-block-columns-is-layout-flex\">\n<div class=\"wp-block-column is-vertically-aligned-center is-layout-flow wp-block-column-is-layout-flow\" style=\"flex-basis:50%\">\n<figure class=\"wp-block-image size-large is-resized\"><img loading=\"lazy\" decoding=\"async\" width=\"1024\" height=\"768\" src=\"https:\/\/pitpraha.cz\/wp-content\/uploads\/2023\/09\/IMG_20210930_152318-1024x768.jpg\" alt=\"\" class=\"wp-image-234\" style=\"aspect-ratio:1.1676168757126568;width:496px;height:auto\" srcset=\"https:\/\/pitpraha.cz\/wp-content\/uploads\/2023\/09\/IMG_20210930_152318-1024x768.jpg 1024w, https:\/\/pitpraha.cz\/wp-content\/uploads\/2023\/09\/IMG_20210930_152318-300x225.jpg 300w, https:\/\/pitpraha.cz\/wp-content\/uploads\/2023\/09\/IMG_20210930_152318-768x576.jpg 768w, https:\/\/pitpraha.cz\/wp-content\/uploads\/2023\/09\/IMG_20210930_152318-1536x1152.jpg 1536w, https:\/\/pitpraha.cz\/wp-content\/uploads\/2023\/09\/IMG_20210930_152318-2048x1536.jpg 2048w\" sizes=\"auto, (max-width: 1024px) 100vw, 1024px\" \/><\/figure>\n\n\n\n<div style=\"height:24px\" aria-hidden=\"true\" class=\"wp-block-spacer\"><\/div>\n\n\n\n<h3 class=\"wp-block-heading has-text-align-center has-neve-text-color-color has-text-color\">technologie odpadn\u00ed vody<\/h3>\n\n\n\n<p class=\"has-text-align-center has-neve-text-color-color has-text-color\">Maxim\u00e1ln\u00ed efektivita a vyu\u017eit\u00ed zdroj\u016f jsou z\u00e1sadou na\u0161eho institutu. To je patrn\u00e9 zejm\u00e9na pro zach\u00e1zen\u00ed s vodou. <\/p>\n\n\n\n<div class=\"wp-block-buttons is-content-justification-center is-layout-flex wp-container-core-buttons-is-layout-16018d1d wp-block-buttons-is-layout-flex\">\n<div class=\"wp-block-button is-style-primary\"><a class=\"wp-block-button__link wp-element-button\" href=\"https:\/\/pitpraha.cz\/?page_id=526&amp;lang=cs\">Podrobnosti<\/a><\/div>\n<\/div>\n\n\n\n<div style=\"height:40px\" aria-hidden=\"true\" class=\"wp-block-spacer\"><\/div>\n<\/div>\n\n\n\n<div class=\"wp-block-column is-vertically-aligned-center is-layout-flow wp-block-column-is-layout-flow\" style=\"flex-basis:50%\">\n<figure class=\"wp-block-image size-large\"><img loading=\"lazy\" decoding=\"async\" width=\"1024\" height=\"768\" src=\"https:\/\/pitpraha.cz\/wp-content\/uploads\/2023\/11\/IMG_20200618_175706-1024x768.jpg\" alt=\"\" class=\"wp-image-391\" srcset=\"https:\/\/pitpraha.cz\/wp-content\/uploads\/2023\/11\/IMG_20200618_175706-1024x768.jpg 1024w, https:\/\/pitpraha.cz\/wp-content\/uploads\/2023\/11\/IMG_20200618_175706-300x225.jpg 300w, https:\/\/pitpraha.cz\/wp-content\/uploads\/2023\/11\/IMG_20200618_175706-768x576.jpg 768w, https:\/\/pitpraha.cz\/wp-content\/uploads\/2023\/11\/IMG_20200618_175706-1536x1152.jpg 1536w, https:\/\/pitpraha.cz\/wp-content\/uploads\/2023\/11\/IMG_20200618_175706-2048x1536.jpg 2048w\" sizes=\"auto, (max-width: 1024px) 100vw, 1024px\" \/><\/figure>\n\n\n\n<div style=\"height:24px\" aria-hidden=\"true\" class=\"wp-block-spacer\"><\/div>\n\n\n\n<h3 class=\"wp-block-heading has-text-align-center has-neve-text-color-color has-text-color\">syst\u00e9m vyt\u00e1p\u011bn\u00ed<\/h3>\n\n\n\n<p class=\"has-text-align-center has-neve-text-color-color has-text-color\">Stavba a z\u00e1kladn\u00ed informace o raketov\u00fdch kamnech, kter\u00e9 zaji\u0161\u0165uj\u00ed vyt\u00e1p\u011bn\u00ed na\u0161eho institutu. <\/p>\n\n\n\n<div class=\"wp-block-buttons is-content-justification-center is-layout-flex wp-container-core-buttons-is-layout-16018d1d wp-block-buttons-is-layout-flex\">\n<div class=\"wp-block-button is-style-primary\"><a class=\"wp-block-button__link wp-element-button\" href=\"https:\/\/pitpraha.cz\/?page_id=528&amp;lang=cs\">Podrobnosti<\/a><\/div>\n<\/div>\n\n\n\n<div style=\"height:40px\" aria-hidden=\"true\" class=\"wp-block-spacer\"><\/div>\n<\/div>\n<\/div>\n\n\n\n<div style=\"height:40px\" aria-hidden=\"true\" class=\"wp-block-spacer\"><\/div>\n<\/div><\/div>\n<\/div><\/div>\n","protected":false},"excerpt":{"rendered":"","protected":false},"author":1,"featured_media":0,"parent":0,"menu_order":0,"comment_status":"closed","ping_status":"closed","template":"","meta":{"neve_meta_sidebar":"","neve_meta_container":"","neve_meta_enable_content_width":"on","neve_meta_content_width":100,"neve_meta_title_alignment":"","neve_meta_author_avatar":"","neve_post_elements_order":"","neve_meta_disable_header":"","neve_meta_disable_footer":"on","neve_meta_disable_title":"on","_themeisle_gutenberg_block_has_review":false,"_ti_tpc_template_sync":false,"_ti_tpc_template_id":"","footnotes":""},"class_list":["post-514","page","type-page","status-publish","hentry"],"_links":{"self":[{"href":"https:\/\/pitpraha.cz\/index.php?rest_route=\/wp\/v2\/pages\/514","targetHints":{"allow":["GET"]}}],"collection":[{"href":"https:\/\/pitpraha.cz\/index.php?rest_route=\/wp\/v2\/pages"}],"about":[{"href":"https:\/\/pitpraha.cz\/index.php?rest_route=\/wp\/v2\/types\/page"}],"author":[{"embeddable":true,"href":"https:\/\/pitpraha.cz\/index.php?rest_route=\/wp\/v2\/users\/1"}],"replies":[{"embeddable":true,"href":"https:\/\/pitpraha.cz\/index.php?rest_route=%2Fwp%2Fv2%2Fcomments&post=514"}],"version-history":[{"count":4,"href":"https:\/\/pitpraha.cz\/index.php?rest_route=\/wp\/v2\/pages\/514\/revisions"}],"predecessor-version":[{"id":553,"href":"https:\/\/pitpraha.cz\/index.php?rest_route=\/wp\/v2\/pages\/514\/revisions\/553"}],"wp:attachment":[{"href":"https:\/\/pitpraha.cz\/index.php?rest_route=%2Fwp%2Fv2%2Fmedia&parent=514"}],"curies":[{"name":"wp","href":"https:\/\/api.w.org\/{rel}","templated":true}]}}