{"id":503,"date":"2023-12-06T12:59:37","date_gmt":"2023-12-06T12:59:37","guid":{"rendered":"http:\/\/dira.jecool.net\/?page_id=503"},"modified":"2024-08-08T13:57:17","modified_gmt":"2024-08-08T13:57:17","slug":"nas-institut","status":"publish","type":"page","link":"https:\/\/pitpraha.cz\/?page_id=503&lang=cs","title":{"rendered":"N\u00c1\u0160 INSTITUT"},"content":{"rendered":"\n<div id=\"wp-block-themeisle-blocks-advanced-columns-39ba9f58\" class=\"wp-block-themeisle-blocks-advanced-columns alignfull has-2-columns has-desktop-equal-layout has-tablet-equal-layout has-mobile-collapsedRows-layout has-vertical-center has-light-bg\"><div class=\"wp-block-themeisle-blocks-advanced-columns-overlay\"><\/div><div class=\"innerblocks-wrap\">\n<div id=\"wp-block-themeisle-blocks-advanced-column-e3f97a34\" class=\"wp-block-themeisle-blocks-advanced-column\">\n<h2 id=\"wp-block-themeisle-blocks-advanced-heading-75769ae3\" class=\"wp-block-themeisle-blocks-advanced-heading wp-block-themeisle-blocks-advanced-heading-75769ae3\"><a href=\"https:\/\/pitpraha.cz\/?page_id=516&amp;lang=cs\">HISTORIE \u00daSTAVU<\/a><\/h2>\n\n\n\n<p>V roce 2017 jsme zalo\u017eili n\u00e1\u0161 institut s c\u00edlem naplnit ide\u00e1l \u010dist\u00e9 nez\u00e1vislosti a neomezen\u00e9ho hled\u00e1n\u00ed v\u011bdeck\u00e9 svobody. Na\u0161e budova stoj\u00ed mimo tradi\u010dn\u00ed in\u017een\u00fdrsk\u00e9 s\u00edt\u011b a p\u0159edstavuje esenci neomezen\u00e9 kreativity.<\/p>\n\n\n\n<p>P\u0159\u00edb\u011bh na\u0161\u00ed budovy je vyj\u00e1d\u0159en\u00edm na\u0161\u00ed oddanosti sob\u011bsta\u010dnosti, a tato cesta za\u010dala jednozna\u010dn\u00fdm prohl\u00e1\u0161en\u00edm nez\u00e1vislosti na ust\u00e1len\u00fdch norm\u00e1ch.<\/p>\n\n\n\n<p>Pro podrobnosti o konstrukci na\u0161\u00ed budovy nav\u0161tivte <a href=\"https:\/\/pitpraha.cz\/?page_id=516&amp;lang=cs\">odkaz<\/a>.<\/p>\n<\/div>\n\n\n\n<div id=\"wp-block-themeisle-blocks-advanced-column-31062c3d\" class=\"wp-block-themeisle-blocks-advanced-column\">\n<figure class=\"wp-block-image size-large is-resized\"><img loading=\"lazy\" decoding=\"async\" width=\"1024\" height=\"768\" src=\"https:\/\/pitpraha.cz\/wp-content\/uploads\/2023\/09\/bagrrr-1024x768.jpg\" alt=\"\" class=\"wp-image-272\" style=\"width:519px;height:389px\" srcset=\"https:\/\/pitpraha.cz\/wp-content\/uploads\/2023\/09\/bagrrr-1024x768.jpg 1024w, https:\/\/pitpraha.cz\/wp-content\/uploads\/2023\/09\/bagrrr-300x225.jpg 300w, https:\/\/pitpraha.cz\/wp-content\/uploads\/2023\/09\/bagrrr-768x576.jpg 768w, https:\/\/pitpraha.cz\/wp-content\/uploads\/2023\/09\/bagrrr-1536x1152.jpg 1536w, https:\/\/pitpraha.cz\/wp-content\/uploads\/2023\/09\/bagrrr.jpg 2000w\" sizes=\"auto, (max-width: 1024px) 100vw, 1024px\" \/><\/figure>\n<\/div>\n<\/div><\/div>\n\n\n\n<div id=\"wp-block-themeisle-blocks-advanced-columns-947b8a70\" class=\"wp-block-themeisle-blocks-advanced-columns alignfull has-2-columns has-desktop-equal-layout has-tablet-equal-layout has-mobile-collapsedRows-layout has-vertical-center has-dark-bg\"><div class=\"wp-block-themeisle-blocks-advanced-columns-overlay\"><\/div><div class=\"innerblocks-wrap\">\n<div id=\"wp-block-themeisle-blocks-advanced-column-7cfe9084\" class=\"wp-block-themeisle-blocks-advanced-column\">\n<figure class=\"wp-block-image size-large\"><img loading=\"lazy\" decoding=\"async\" width=\"1024\" height=\"768\" src=\"https:\/\/pitpraha.cz\/wp-content\/uploads\/2023\/09\/IMG_20200618_175706-1024x768.jpg\" alt=\"\" class=\"wp-image-294\" srcset=\"https:\/\/pitpraha.cz\/wp-content\/uploads\/2023\/09\/IMG_20200618_175706-1024x768.jpg 1024w, https:\/\/pitpraha.cz\/wp-content\/uploads\/2023\/09\/IMG_20200618_175706-300x225.jpg 300w, https:\/\/pitpraha.cz\/wp-content\/uploads\/2023\/09\/IMG_20200618_175706-768x576.jpg 768w, https:\/\/pitpraha.cz\/wp-content\/uploads\/2023\/09\/IMG_20200618_175706-1536x1152.jpg 1536w, https:\/\/pitpraha.cz\/wp-content\/uploads\/2023\/09\/IMG_20200618_175706-2048x1536.jpg 2048w\" sizes=\"auto, (max-width: 1024px) 100vw, 1024px\" \/><\/figure>\n<\/div>\n\n\n\n<div id=\"wp-block-themeisle-blocks-advanced-column-51f13cac\" class=\"wp-block-themeisle-blocks-advanced-column\">\n<h2 id=\"wp-block-themeisle-blocks-advanced-heading-4685e6e7\" class=\"wp-block-themeisle-blocks-advanced-heading wp-block-themeisle-blocks-advanced-heading-4685e6e7\"><a href=\"https:\/\/pitpraha.cz\/?page_id=514&amp;lang=cs\">TECHNOLOGICK\u00c1 \u0158E\u0160EN\u00ed<\/a><\/h2>\n\n\n\n<p class=\"has-nv-text-dark-bg-color has-text-color\">N\u00e1\u0161 institut z\u00edsk\u00e1v\u00e1 elektrickou energii ze slunce a vodu z d\u011b\u0161\u0165ov\u00fdch mrak\u016f. V t\u00e9to sekci otev\u00edr\u00e1me dve\u0159e k na\u0161emu technologick\u00e9mu \u0159e\u0161en\u00ed, nab\u00edz\u00edme podrobn\u00fd pohled na komplexn\u00ed syst\u00e9my \u0159e\u0161en\u00ed pro udr\u017eiteln\u00fd \u017eivot: syst\u00e9m sol\u00e1rn\u00edch panel\u016f, sb\u011br a procesy \u010di\u0161t\u011bn\u00ed de\u0161\u0165ov\u00e9 vody a dal\u0161\u00ed. <\/p>\n<\/div>\n<\/div><\/div>\n\n\n\n<div id=\"wp-block-themeisle-blocks-advanced-columns-deae05f7\" class=\"wp-block-themeisle-blocks-advanced-columns alignfull has-2-columns has-desktop-equal-layout has-tablet-equal-layout has-mobile-collapsedRows-layout has-vertical-center has-light-bg\"><div class=\"wp-block-themeisle-blocks-advanced-columns-overlay\"><\/div><div class=\"innerblocks-wrap\">\n<div id=\"wp-block-themeisle-blocks-advanced-column-a98dd47b\" class=\"wp-block-themeisle-blocks-advanced-column\">\n<h2 id=\"wp-block-themeisle-blocks-advanced-heading-a330c9c5\" class=\"wp-block-themeisle-blocks-advanced-heading wp-block-themeisle-blocks-advanced-heading-a330c9c5\">nam\u011b\u0159en\u00e1 data <\/h2>\n\n\n\n<p class=\"has-neve-text-color-color has-text-color\">Sekce v p\u0159\u00edprav\u011b &#8230;.<\/p>\n<\/div>\n\n\n\n<div id=\"wp-block-themeisle-blocks-advanced-column-b6388982\" class=\"wp-block-themeisle-blocks-advanced-column\">\n<figure class=\"wp-block-image size-large\"><img loading=\"lazy\" decoding=\"async\" width=\"1024\" height=\"768\" src=\"https:\/\/pitpraha.cz\/wp-content\/uploads\/2023\/09\/IMG_20210209_151003-1024x768.jpg\" alt=\"\" class=\"wp-image-296\" srcset=\"https:\/\/pitpraha.cz\/wp-content\/uploads\/2023\/09\/IMG_20210209_151003-1024x768.jpg 1024w, https:\/\/pitpraha.cz\/wp-content\/uploads\/2023\/09\/IMG_20210209_151003-300x225.jpg 300w, https:\/\/pitpraha.cz\/wp-content\/uploads\/2023\/09\/IMG_20210209_151003-768x576.jpg 768w, https:\/\/pitpraha.cz\/wp-content\/uploads\/2023\/09\/IMG_20210209_151003-1536x1152.jpg 1536w, https:\/\/pitpraha.cz\/wp-content\/uploads\/2023\/09\/IMG_20210209_151003-2048x1536.jpg 2048w\" sizes=\"auto, (max-width: 1024px) 100vw, 1024px\" \/><\/figure>\n<\/div>\n<\/div><\/div>\n\n\n\n<div id=\"wp-block-themeisle-blocks-advanced-columns-1ed70e5e\" class=\"wp-block-themeisle-blocks-advanced-columns alignfull has-2-columns has-desktop-equal-layout has-tablet-equal-layout has-mobile-collapsedRows-layout has-vertical-center has-dark-bg\"><div class=\"wp-block-themeisle-blocks-advanced-columns-overlay\"><\/div><div class=\"innerblocks-wrap\">\n<div id=\"wp-block-themeisle-blocks-advanced-column-d2671fc5\" class=\"wp-block-themeisle-blocks-advanced-column\">\n<figure class=\"wp-block-image size-full\"><img loading=\"lazy\" decoding=\"async\" width=\"2560\" height=\"1837\" src=\"https:\/\/pitpraha.cz\/wp-content\/uploads\/2024\/08\/greenhouse-1-scaled.jpg\" alt=\"\" class=\"wp-image-557\" srcset=\"https:\/\/pitpraha.cz\/wp-content\/uploads\/2024\/08\/greenhouse-1-scaled.jpg 2560w, https:\/\/pitpraha.cz\/wp-content\/uploads\/2024\/08\/greenhouse-1-300x215.jpg 300w, https:\/\/pitpraha.cz\/wp-content\/uploads\/2024\/08\/greenhouse-1-1024x735.jpg 1024w, https:\/\/pitpraha.cz\/wp-content\/uploads\/2024\/08\/greenhouse-1-768x551.jpg 768w, https:\/\/pitpraha.cz\/wp-content\/uploads\/2024\/08\/greenhouse-1-1536x1102.jpg 1536w, https:\/\/pitpraha.cz\/wp-content\/uploads\/2024\/08\/greenhouse-1-2048x1470.jpg 2048w\" sizes=\"auto, (max-width: 2560px) 100vw, 2560px\" \/><\/figure>\n<\/div>\n\n\n\n<div id=\"wp-block-themeisle-blocks-advanced-column-64826f9d\" class=\"wp-block-themeisle-blocks-advanced-column\">\n<h2 id=\"wp-block-themeisle-blocks-advanced-heading-610c801e\" class=\"wp-block-themeisle-blocks-advanced-heading wp-block-themeisle-blocks-advanced-heading-610c801e\">\u00fastavn\u00ed sklen\u00edk <\/h2>\n\n\n\n<p class=\"has-nv-text-dark-bg-color has-text-color\">Ve v\u00fdstavb\u011b<\/p>\n<\/div>\n<\/div><\/div>\n","protected":false},"excerpt":{"rendered":"","protected":false},"author":1,"featured_media":0,"parent":0,"menu_order":0,"comment_status":"closed","ping_status":"closed","template":"","meta":{"neve_meta_sidebar":"","neve_meta_container":"","neve_meta_enable_content_width":"","neve_meta_content_width":0,"neve_meta_title_alignment":"","neve_meta_author_avatar":"","neve_post_elements_order":"","neve_meta_disable_header":"","neve_meta_disable_footer":"on","neve_meta_disable_title":"on","_themeisle_gutenberg_block_has_review":false,"_ti_tpc_template_sync":false,"_ti_tpc_template_id":"","footnotes":""},"class_list":["post-503","page","type-page","status-publish","hentry"],"_links":{"self":[{"href":"https:\/\/pitpraha.cz\/index.php?rest_route=\/wp\/v2\/pages\/503","targetHints":{"allow":["GET"]}}],"collection":[{"href":"https:\/\/pitpraha.cz\/index.php?rest_route=\/wp\/v2\/pages"}],"about":[{"href":"https:\/\/pitpraha.cz\/index.php?rest_route=\/wp\/v2\/types\/page"}],"author":[{"embeddable":true,"href":"https:\/\/pitpraha.cz\/index.php?rest_route=\/wp\/v2\/users\/1"}],"replies":[{"embeddable":true,"href":"https:\/\/pitpraha.cz\/index.php?rest_route=%2Fwp%2Fv2%2Fcomments&post=503"}],"version-history":[{"count":5,"href":"https:\/\/pitpraha.cz\/index.php?rest_route=\/wp\/v2\/pages\/503\/revisions"}],"predecessor-version":[{"id":558,"href":"https:\/\/pitpraha.cz\/index.php?rest_route=\/wp\/v2\/pages\/503\/revisions\/558"}],"wp:attachment":[{"href":"https:\/\/pitpraha.cz\/index.php?rest_route=%2Fwp%2Fv2%2Fmedia&parent=503"}],"curies":[{"name":"wp","href":"https:\/\/api.w.org\/{rel}","templated":true}]}}