{"id":494,"date":"2023-12-06T12:34:36","date_gmt":"2023-12-06T12:34:36","guid":{"rendered":"http:\/\/dira.jecool.net\/?page_id=494"},"modified":"2023-12-06T12:35:41","modified_gmt":"2023-12-06T12:35:41","slug":"o-nas","status":"publish","type":"page","link":"https:\/\/pitpraha.cz\/?page_id=494&lang=cs","title":{"rendered":"O N\u00e1S"},"content":{"rendered":"\n<div id=\"wp-block-themeisle-blocks-advanced-columns-9ed733b5\" class=\"wp-block-themeisle-blocks-advanced-columns alignfull has-2-columns has-desktop-equal-layout has-tablet-equal-layout has-mobile-collapsedRows-layout has-vertical-unset has-dark-bg\"><div class=\"wp-block-themeisle-blocks-advanced-columns-overlay\"><\/div><div class=\"innerblocks-wrap\">\n<div id=\"wp-block-themeisle-blocks-advanced-column-e2e4f7ae\" class=\"wp-block-themeisle-blocks-advanced-column\">\n<p class=\"has-white-color has-text-color\">Jsme nez\u00e1visl\u00fd v\u011bdeck\u00fd \u00fastav, kde se snoub\u00ed inovace s udr\u017eitelnost\u00ed. Jeho zakladatel a jedin\u00fd v\u00fdzkumn\u00edk b\u00e1d\u00e1 s rozmanit\u00fdm v\u011bdeck\u00fdm \u00fasil\u00edm. Budova na\u0161eho \u00fastavu je inspirov\u00e1na americk\u00fdm architekem Michaelem Raynoldsem a je v\u00fdrazem spojen\u00ed v\u011bdeck\u00e9ho b\u00e1d\u00e1n\u00ed a harmonie s \u017eivotn\u00edm prost\u0159ed\u00edm. Pokud sd\u00edl\u00edte na\u0161i v\u00e1\u0161e\u0148 pro pr\u016fkopnick\u00e1 \u0159e\u0161en\u00ed a udr\u017eiteln\u00fd \u017eivot, zveme v\u00e1s k n\u00e1m. A\u0165 u\u017e jste kolega v\u011bdec, zv\u00eddav\u00e1 mysl nebo n\u011bkdo, kdo tou\u017e\u00ed prozkoum\u00e1vat hranice udr\u017eiteln\u00e9ho rozvoje kontaktujte n\u00e1s a bu\u010fte sou\u010d\u00e1st\u00ed v\u011bdeck\u00e9 cesty, kter\u00e1 p\u0159esahuje tradi\u010dn\u00ed hranice.<\/p>\n\n\n\n<div style=\"height:20px\" aria-hidden=\"true\" class=\"wp-block-spacer\"><\/div>\n<\/div>\n\n\n\n<div id=\"wp-block-themeisle-blocks-advanced-column-9c1ad7b8\" class=\"wp-block-themeisle-blocks-advanced-column\"><div class=\"wp-block-image\">\n<figure class=\"aligncenter size-large is-resized\"><img loading=\"lazy\" decoding=\"async\" width=\"769\" height=\"1024\" src=\"https:\/\/pitpraha.cz\/wp-content\/uploads\/2023\/09\/IMG_20220509_102250_24-769x1024.jpg\" alt=\"\" class=\"wp-image-240\" style=\"width:315px;height:auto\" srcset=\"https:\/\/pitpraha.cz\/wp-content\/uploads\/2023\/09\/IMG_20220509_102250_24-769x1024.jpg 769w, https:\/\/pitpraha.cz\/wp-content\/uploads\/2023\/09\/IMG_20220509_102250_24-225x300.jpg 225w, https:\/\/pitpraha.cz\/wp-content\/uploads\/2023\/09\/IMG_20220509_102250_24-768x1023.jpg 768w, https:\/\/pitpraha.cz\/wp-content\/uploads\/2023\/09\/IMG_20220509_102250_24-1153x1536.jpg 1153w, https:\/\/pitpraha.cz\/wp-content\/uploads\/2023\/09\/IMG_20220509_102250_24-1538x2048.jpg 1538w, https:\/\/pitpraha.cz\/wp-content\/uploads\/2023\/09\/IMG_20220509_102250_24-scaled.jpg 1922w\" sizes=\"auto, (max-width: 769px) 100vw, 769px\" \/><\/figure>\n<\/div>\n\n\n<p class=\"has-white-color has-text-color\"><br><\/p>\n<\/div>\n<\/div><\/div>\n\n\n\n<div id=\"wp-block-themeisle-blocks-advanced-columns-faf635ef\" class=\"wp-block-themeisle-blocks-advanced-columns alignfull has-1-columns has-desktop-equal-layout has-tablet-equal-layout has-mobile-collapsedRows-layout has-vertical-unset has-light-bg\"><div class=\"wp-block-themeisle-blocks-advanced-columns-overlay\"><\/div><div class=\"innerblocks-wrap\">\n<div id=\"wp-block-themeisle-blocks-advanced-column-78465469\" class=\"wp-block-themeisle-blocks-advanced-column\">\n<div id=\"wp-block-themeisle-blocks-form-2eb7c851\" class=\"wp-block-themeisle-blocks-form\" data-option-name=\"bf9b28ff82ce323187abc5d0feb0d8f07ecd8436_2eb7c851\"><form class=\"otter-form__container\">\n<h2 class=\"wp-block-heading\">PO\u0160LETE N\u00c1M ZPR\u00c1VU!<\/h2>\n\n\n\n<div id=\"wp-block-themeisle-blocks-form-input-524bbf39\" class=\"wp-block-themeisle-blocks-form-input\"><label for=\"wp-block-themeisle-blocks-form-input-524bbf39-input\" class=\"otter-form-input-label\"><span class=\"otter-form-input-label__label\">Va\u0161e jm\u00e9no<\/span><\/label><input type=\"text\" id=\"wp-block-themeisle-blocks-form-input-524bbf39-input\" class=\"otter-form-input\"\/><\/div>\n\n\n\n<div id=\"wp-block-themeisle-blocks-form-input-a8190f52\" class=\"wp-block-themeisle-blocks-form-input\"><label for=\"wp-block-themeisle-blocks-form-input-a8190f52-input\" class=\"otter-form-input-label\"><span class=\"otter-form-input-label__label\">Emailov\u00e1 adresa<\/span><span class=\"required\">*<\/span><\/label><input type=\"email\" id=\"wp-block-themeisle-blocks-form-input-a8190f52-input\" required class=\"otter-form-input\"\/><\/div>\n\n\n\n<div id=\"wp-block-themeisle-blocks-form-textarea-e61baed4\" class=\"wp-block-themeisle-blocks-form-textarea\"><label for=\"wp-block-themeisle-blocks-form-textarea-e61baed4-input\" class=\"otter-form-textarea-label\"><span class=\"otter-form-textarea-label__label\">Zpr\u00e1va pro n\u00e1s<\/span><\/label><textarea id=\"wp-block-themeisle-blocks-form-textarea-e61baed4-input\" rows=\"10\" class=\"otter-form-textarea-input\"><\/textarea><\/div>\n\n\n<div class=\"protection\" aria-hidden=\"true\"><input type=\"hidden\" id=\"wp-block-themeisle-blocks-form-2eb7c851_nonce_field\" name=\"wp-block-themeisle-blocks-form-2eb7c851_nonce_field\" value=\"91c00a19bc\" \/><input type=\"hidden\" name=\"_wp_http_referer\" value=\"\/index.php?rest_route=%2Fwp%2Fv2%2Fpages%2F494\" \/><input class=\"o-anti-bot\" type=\"checkbox\"><\/div><div class=\"wp-block-button\"><button class=\"wp-block-button__link\" type=\"submit\">Poslat<\/button><\/div><\/form><\/div>\n<\/div>\n<\/div><\/div>\n","protected":false},"excerpt":{"rendered":"","protected":false},"author":1,"featured_media":0,"parent":0,"menu_order":0,"comment_status":"closed","ping_status":"closed","template":"page-templates\/template-pagebuilder-full-width.php","meta":{"neve_meta_sidebar":"full-width","neve_meta_container":"contained","neve_meta_enable_content_width":"on","neve_meta_content_width":100,"neve_meta_title_alignment":"","neve_meta_author_avatar":"","neve_post_elements_order":"","neve_meta_disable_header":"","neve_meta_disable_footer":"","neve_meta_disable_title":"","_themeisle_gutenberg_block_has_review":false,"_ti_tpc_template_sync":false,"_ti_tpc_template_id":"","footnotes":""},"class_list":["post-494","page","type-page","status-publish","hentry"],"_links":{"self":[{"href":"https:\/\/pitpraha.cz\/index.php?rest_route=\/wp\/v2\/pages\/494","targetHints":{"allow":["GET"]}}],"collection":[{"href":"https:\/\/pitpraha.cz\/index.php?rest_route=\/wp\/v2\/pages"}],"about":[{"href":"https:\/\/pitpraha.cz\/index.php?rest_route=\/wp\/v2\/types\/page"}],"author":[{"embeddable":true,"href":"https:\/\/pitpraha.cz\/index.php?rest_route=\/wp\/v2\/users\/1"}],"replies":[{"embeddable":true,"href":"https:\/\/pitpraha.cz\/index.php?rest_route=%2Fwp%2Fv2%2Fcomments&post=494"}],"version-history":[{"count":2,"href":"https:\/\/pitpraha.cz\/index.php?rest_route=\/wp\/v2\/pages\/494\/revisions"}],"predecessor-version":[{"id":496,"href":"https:\/\/pitpraha.cz\/index.php?rest_route=\/wp\/v2\/pages\/494\/revisions\/496"}],"wp:attachment":[{"href":"https:\/\/pitpraha.cz\/index.php?rest_route=%2Fwp%2Fv2%2Fmedia&parent=494"}],"curies":[{"name":"wp","href":"https:\/\/api.w.org\/{rel}","templated":true}]}}