{"id":114,"date":"2020-03-24T10:44:03","date_gmt":"2020-03-24T10:44:03","guid":{"rendered":"https:\/\/demosites.io\/rokophoto-gb\/?page_id=114"},"modified":"2023-12-06T13:46:32","modified_gmt":"2023-12-06T13:46:32","slug":"98ee9-project-details","status":"publish","type":"page","link":"https:\/\/pitpraha.cz\/?page_id=114&lang=en","title":{"rendered":"Research"},"content":{"rendered":"\n<div id=\"wp-block-themeisle-blocks-advanced-columns-39ba9f58\" class=\"wp-block-themeisle-blocks-advanced-columns alignfull has-1-columns has-desktop-equal-layout has-tablet-equal-layout has-mobile-collapsedRows-layout has-vertical-center has-light-bg\"><div class=\"wp-block-themeisle-blocks-advanced-columns-overlay\"><\/div><div class=\"innerblocks-wrap\">\n<div id=\"wp-block-themeisle-blocks-advanced-column-31062c3d\" class=\"wp-block-themeisle-blocks-advanced-column\">\n<div id=\"wp-block-themeisle-blocks-advanced-columns-4b25d72a\" class=\"wp-block-themeisle-blocks-advanced-columns has-1-columns has-desktop-equal-layout has-tablet-equal-layout has-mobile-equal-layout has-vertical-unset\"><div class=\"wp-block-themeisle-blocks-advanced-columns-overlay\"><\/div><div class=\"innerblocks-wrap\">\n<div id=\"wp-block-themeisle-blocks-advanced-column-ebb75b0e\" class=\"wp-block-themeisle-blocks-advanced-column\">\n<h2 class=\"wp-block-heading\">Effect of electric field on proteins<\/h2>\n\n\n\n<div class=\"wp-block-media-text has-media-on-the-right is-stacked-on-mobile\" style=\"grid-template-columns:auto 38%\"><div class=\"wp-block-media-text__content\">\n<p>Spectroscopy, as a scientific discipline, focuses on the study of the interaction between light and matter. Typically, when discussing spectroscopy, it serves as a tool for analyzing the structure and dynamics of proteins. However, an intriguing question arises concerning whether the electromagnetic field can also be utilized to induce changes in the structure or dynamics of proteins. This possibility holds the potential for significant applications in medicine and nanotechnology. In collaboration with <a href=\"https:\/\/www.ufe.cz\/en\/team\/bioelectrodynamics\" data-type=\"link\" data-id=\"https:\/\/www.ufe.cz\/en\/team\/bioelectrodynamics\">Dr. Michal Cifra&#8217;s research group<\/a> at the Institute of Photonics and Electronics, Czech Academy of Sciences, we are exploring these possibilities by predicting the effects of the electric field on proteins through computer simulations.<\/p>\n<\/div><figure class=\"wp-block-media-text__media\"><img loading=\"lazy\" decoding=\"async\" width=\"269\" height=\"180\" src=\"https:\/\/pitpraha.cz\/wp-content\/uploads\/2023\/11\/tubulin.png\" alt=\"\" class=\"wp-image-425 size-full\"\/><\/figure><\/div>\n\n\n\n<div id=\"wp-block-themeisle-blocks-accordion-3846cae2\" class=\"wp-block-themeisle-blocks-accordion exclusive\">\n<details class=\"wp-block-themeisle-blocks-accordion-item\"><summary class=\"wp-block-themeisle-blocks-accordion-item__title\"><div><strong>Relevant publications<\/strong><\/div><\/summary><div class=\"wp-block-themeisle-blocks-accordion-item__content\">\n<p>Marracino, Paolo, et al. &#8220;Tubulin response to intense nanosecond-scale electric field in molecular dynamics simulation.&#8221; <em>Scientific reports<\/em> 9.1 (2019): 10477. <\/p>\n\n\n\n<hr class=\"wp-block-separator has-alpha-channel-opacity\"\/>\n\n\n\n<p>Pr\u016f\u0161a, Ji\u0159\u00ed, and Michal Cifra. &#8220;Molecular dynamics simulation of the nanosecond pulsed electric field effect on kinesin nanomotor.&#8221; <em>Scientific Reports<\/em> 9.1 (2019): 19721.<\/p>\n\n\n\n<div class=\"wp-block-file\"><a href=\"https:\/\/pitpraha.cz\/wp-content\/uploads\/2023\/11\/Kinesin.pdf\" class=\"wp-block-file__button wp-element-button\" download>Download<\/a><\/div>\n\n\n\n<hr class=\"wp-block-separator has-alpha-channel-opacity\"\/>\n\n\n\n<p>Pr\u016f\u0161a, Ji\u0159\u00ed, et al. &#8220;Electro-opening of a microtubule lattice in silico.&#8221; <em>Computational and Structural Biotechnology Journal<\/em> 19 (2021): 1488-1496.<\/p>\n\n\n\n<div class=\"wp-block-file\"><a href=\"https:\/\/pitpraha.cz\/wp-content\/uploads\/2023\/11\/Microtubule.pdf\" class=\"wp-block-file__button wp-element-button\" download>Download<\/a><\/div>\n<\/div><\/details>\n<\/div>\n<\/div>\n<\/div><\/div>\n<\/div>\n<\/div><\/div>\n\n\n\n<div id=\"wp-block-themeisle-blocks-advanced-columns-edde203b\" class=\"wp-block-themeisle-blocks-advanced-columns alignfull has-1-columns has-desktop-equal-layout has-tablet-equal-layout has-mobile-collapsedRows-layout has-vertical-center has-light-bg\"><div class=\"wp-block-themeisle-blocks-advanced-columns-overlay\"><\/div><div class=\"innerblocks-wrap\">\n<div id=\"wp-block-themeisle-blocks-advanced-column-717b9445\" class=\"wp-block-themeisle-blocks-advanced-column\">\n<div id=\"wp-block-themeisle-blocks-advanced-columns-30e74c67\" class=\"wp-block-themeisle-blocks-advanced-columns has-1-columns has-desktop-equal-layout has-tablet-equal-layout has-mobile-equal-layout has-vertical-unset\"><div class=\"wp-block-themeisle-blocks-advanced-columns-overlay\"><\/div><div class=\"innerblocks-wrap\">\n<div id=\"wp-block-themeisle-blocks-advanced-column-86d8687d\" class=\"wp-block-themeisle-blocks-advanced-column\">\n<h2 class=\"wp-block-heading\">Spectroscopic Exploration of Self-Assembled Structures<\/h2>\n\n\n\n<div class=\"wp-block-media-text is-stacked-on-mobile\" style=\"grid-template-columns:31% auto\"><figure class=\"wp-block-media-text__media\"><img loading=\"lazy\" decoding=\"async\" width=\"538\" height=\"537\" src=\"https:\/\/pitpraha.cz\/wp-content\/uploads\/2023\/12\/Screenshot-from-2023-12-06-10-25-13.png\" alt=\"\" class=\"wp-image-476 size-full\" srcset=\"https:\/\/pitpraha.cz\/wp-content\/uploads\/2023\/12\/Screenshot-from-2023-12-06-10-25-13.png 538w, https:\/\/pitpraha.cz\/wp-content\/uploads\/2023\/12\/Screenshot-from-2023-12-06-10-25-13-300x300.png 300w, https:\/\/pitpraha.cz\/wp-content\/uploads\/2023\/12\/Screenshot-from-2023-12-06-10-25-13-150x150.png 150w\" sizes=\"auto, (max-width: 538px) 100vw, 538px\" \/><\/figure><div class=\"wp-block-media-text__content\">\n<p>In collaboration with <a href=\"https:\/\/bour.group.uochb.cz\/en\">research group of Prof. Petr Bou\u0159<\/a> we focus on the spectroscopic study of self-assembled biomolecular structures, particularly exploring optical activity phenomena manifested through the differential absorption of left and right circularly polarized light by chiral molecules. This specialized spectroscopy, known as chiroptical spectroscopy, involves the use of vibrational circular dichroism (VCD) for absorption in the infrared region. In one project, our attention is directed towards VCD enhancement by fibril protein structures. Fibrils, which are highly organized protein aggregates, are the subject of our investigation due to their implicated negative role in the development of neurodegenerative diseases such as Alzheimer\u2019s, Parkinson\u2019s, Huntington\u2019s disease, or prion encephalopathies.<\/p>\n<\/div><\/div>\n\n\n\n<div id=\"wp-block-themeisle-blocks-accordion-72b68d2a\" class=\"wp-block-themeisle-blocks-accordion exclusive\">\n<details class=\"wp-block-themeisle-blocks-accordion-item\"><summary class=\"wp-block-themeisle-blocks-accordion-item__title\"><div><strong>Relevant publications<\/strong><\/div><\/summary><div class=\"wp-block-themeisle-blocks-accordion-item__content\">\n<p>Pr\u016f\u0161a, Ji\u0159\u00ed, and Petr Bou\u0159. &#8220;Transition dipole coupling modeling of optical activity enhancements in macromolecular protein systems.&#8221; <em>Chirality<\/em> 30.1 (2018): 55-64.<\/p>\n\n\n\n<div class=\"wp-block-file\"><a href=\"https:\/\/pitpraha.cz\/wp-content\/uploads\/2023\/12\/Transition_dipole_coupling.pdf\" class=\"wp-block-file__button wp-element-button\" download>Download<\/a><\/div>\n\n\n\n<hr class=\"wp-block-separator has-alpha-channel-opacity\"\/>\n\n\n\n<p>Kurochka, Andrii, et al. &#8220;\u03b1-Synuclein Conformations followed by vibrational optical activity. Simulation and understanding of the spectra.&#8221; <em>Physical Chemistry Chemical Physics<\/em> 23.31 (2021): 16635-16645.<\/p>\n\n\n\n<div class=\"wp-block-file\"><a href=\"https:\/\/pitpraha.cz\/wp-content\/uploads\/2023\/12\/Synuclein.pdf\" class=\"wp-block-file__button wp-element-button\" download>Download<\/a><\/div>\n<\/div><\/details>\n<\/div>\n<\/div>\n<\/div><\/div>\n<\/div>\n<\/div><\/div>\n","protected":false},"excerpt":{"rendered":"","protected":false},"author":1,"featured_media":0,"parent":0,"menu_order":0,"comment_status":"closed","ping_status":"closed","template":"page-templates\/template-pagebuilder-full-width.php","meta":{"neve_meta_sidebar":"full-width","neve_meta_container":"contained","neve_meta_enable_content_width":"on","neve_meta_content_width":100,"neve_meta_title_alignment":"","neve_meta_author_avatar":"","neve_post_elements_order":"","neve_meta_disable_header":"","neve_meta_disable_footer":"","neve_meta_disable_title":"","_themeisle_gutenberg_block_has_review":false,"_ti_tpc_template_sync":false,"_ti_tpc_template_id":"m6bt0e2flmp3sw2c0iq5","footnotes":""},"class_list":["post-114","page","type-page","status-publish","hentry"],"_links":{"self":[{"href":"https:\/\/pitpraha.cz\/index.php?rest_route=\/wp\/v2\/pages\/114","targetHints":{"allow":["GET"]}}],"collection":[{"href":"https:\/\/pitpraha.cz\/index.php?rest_route=\/wp\/v2\/pages"}],"about":[{"href":"https:\/\/pitpraha.cz\/index.php?rest_route=\/wp\/v2\/types\/page"}],"author":[{"embeddable":true,"href":"https:\/\/pitpraha.cz\/index.php?rest_route=\/wp\/v2\/users\/1"}],"replies":[{"embeddable":true,"href":"https:\/\/pitpraha.cz\/index.php?rest_route=%2Fwp%2Fv2%2Fcomments&post=114"}],"version-history":[{"count":15,"href":"https:\/\/pitpraha.cz\/index.php?rest_route=\/wp\/v2\/pages\/114\/revisions"}],"predecessor-version":[{"id":511,"href":"https:\/\/pitpraha.cz\/index.php?rest_route=\/wp\/v2\/pages\/114\/revisions\/511"}],"wp:attachment":[{"href":"https:\/\/pitpraha.cz\/index.php?rest_route=%2Fwp%2Fv2%2Fmedia&parent=114"}],"curies":[{"name":"wp","href":"https:\/\/api.w.org\/{rel}","templated":true}]}}